{"id":4504,"date":"2021-10-20T02:12:05","date_gmt":"2021-10-19T23:12:05","guid":{"rendered":"https:\/\/hana.com.tr\/support\/iletisim\/"},"modified":"2022-01-28T02:41:25","modified_gmt":"2022-01-27T23:41:25","slug":"contact","status":"publish","type":"page","link":"https:\/\/hana.com.tr\/en\/support\/contact\/","title":{"rendered":"Contact"},"content":{"rendered":"\t\t<div data-elementor-type=\"wp-page\" data-elementor-id=\"4504\" class=\"elementor elementor-4504 elementor-1083\" data-elementor-settings=\"[]\">\n\t\t\t\t\t\t\t<div class=\"elementor-section-wrap\">\n\t\t\t\t\t\t\t<section class=\"elementor-section elementor-top-section elementor-element elementor-element-294725a elementor-section-stretched elementor-section-boxed elementor-section-height-default elementor-section-height-default\" data-id=\"294725a\" data-element_type=\"section\" data-settings=\"{&quot;stretch_section&quot;:&quot;section-stretched&quot;}\">\n\t\t\t\t\t\t<div class=\"elementor-container elementor-column-gap-default\">\n\t\t\t\t\t<div class=\"elementor-column elementor-col-100 elementor-top-column elementor-element elementor-element-96f42ca\" data-id=\"96f42ca\" data-element_type=\"column\">\n\t\t\t<div class=\"elementor-widget-wrap elementor-element-populated\">\n\t\t\t\t\t\t\t\t<div class=\"elementor-element elementor-element-856bee2 elementor-widget elementor-widget-image\" data-id=\"856bee2\" data-element_type=\"widget\" data-widget_type=\"image.default\">\n\t\t\t\t<div class=\"elementor-widget-container\">\n\t\t\t\t\t\t\t\t\t\t\t\t\t\t\t<img loading=\"lazy\" decoding=\"async\" width=\"1920\" height=\"732\" src=\"https:\/\/hana.com.tr\/wp-content\/uploads\/2021\/10\/iletisim.jpg\" class=\"attachment-full size-full\" alt=\"\" srcset=\"https:\/\/hana.com.tr\/wp-content\/uploads\/2021\/10\/iletisim.jpg 1920w, https:\/\/hana.com.tr\/wp-content\/uploads\/2021\/10\/iletisim-500x191.jpg 500w, https:\/\/hana.com.tr\/wp-content\/uploads\/2021\/10\/iletisim-800x305.jpg 800w, https:\/\/hana.com.tr\/wp-content\/uploads\/2021\/10\/iletisim-521x199.jpg 521w, https:\/\/hana.com.tr\/wp-content\/uploads\/2021\/10\/iletisim-1024x390.jpg 1024w, https:\/\/hana.com.tr\/wp-content\/uploads\/2021\/10\/iletisim-768x293.jpg 768w, https:\/\/hana.com.tr\/wp-content\/uploads\/2021\/10\/iletisim-1536x586.jpg 1536w, https:\/\/hana.com.tr\/wp-content\/uploads\/2021\/10\/iletisim-260x99.jpg 260w, https:\/\/hana.com.tr\/wp-content\/uploads\/2021\/10\/iletisim-50x19.jpg 50w, https:\/\/hana.com.tr\/wp-content\/uploads\/2021\/10\/iletisim-150x57.jpg 150w\" sizes=\"auto, (max-width: 1920px) 100vw, 1920px\" \/>\t\t\t\t\t\t\t\t\t\t\t\t\t\t\t<\/div>\n\t\t\t\t<\/div>\n\t\t\t\t\t<\/div>\n\t\t<\/div>\n\t\t\t\t\t\t\t<\/div>\n\t\t<\/section>\n\t\t\t\t<section class=\"elementor-section elementor-top-section elementor-element elementor-element-da155f0 elementor-section-stretched iletisimbilgileriborder elementor-section-boxed elementor-section-height-default elementor-section-height-default\" data-id=\"da155f0\" data-element_type=\"section\" data-settings=\"{&quot;stretch_section&quot;:&quot;section-stretched&quot;}\">\n\t\t\t\t\t\t<div class=\"elementor-container elementor-column-gap-default\">\n\t\t\t\t\t<div class=\"elementor-column elementor-col-50 elementor-top-column elementor-element elementor-element-9f798d7\" data-id=\"9f798d7\" data-element_type=\"column\">\n\t\t\t<div class=\"elementor-widget-wrap elementor-element-populated\">\n\t\t\t\t\t\t\t\t<div class=\"elementor-element elementor-element-492b2f4 elementor-widget elementor-widget-heading\" data-id=\"492b2f4\" data-element_type=\"widget\" data-widget_type=\"heading.default\">\n\t\t\t\t<div class=\"elementor-widget-container\">\n\t\t\t<h2 class=\"elementor-heading-title elementor-size-default\">Contact information<\/h2>\t\t<\/div>\n\t\t\t\t<\/div>\n\t\t\t\t\t<\/div>\n\t\t<\/div>\n\t\t\t\t<div class=\"elementor-column elementor-col-50 elementor-top-column elementor-element elementor-element-64c9ce3\" data-id=\"64c9ce3\" data-element_type=\"column\">\n\t\t\t<div class=\"elementor-widget-wrap elementor-element-populated\">\n\t\t\t\t\t\t\t\t<div class=\"elementor-element elementor-element-7e95783 elementor-widget elementor-widget-image\" data-id=\"7e95783\" data-element_type=\"widget\" data-widget_type=\"image.default\">\n\t\t\t\t<div class=\"elementor-widget-container\">\n\t\t\t\t\t\t\t\t\t\t\t\t\t\t\t<img loading=\"lazy\" decoding=\"async\" width=\"306\" height=\"59\" src=\"https:\/\/hana.com.tr\/wp-content\/uploads\/2021\/10\/iletisim-icon.jpg\" class=\"attachment-large size-large\" alt=\"\" srcset=\"https:\/\/hana.com.tr\/wp-content\/uploads\/2021\/10\/iletisim-icon.jpg 306w, https:\/\/hana.com.tr\/wp-content\/uploads\/2021\/10\/iletisim-icon-300x59.jpg 300w, https:\/\/hana.com.tr\/wp-content\/uploads\/2021\/10\/iletisim-icon-260x50.jpg 260w, https:\/\/hana.com.tr\/wp-content\/uploads\/2021\/10\/iletisim-icon-50x10.jpg 50w, https:\/\/hana.com.tr\/wp-content\/uploads\/2021\/10\/iletisim-icon-150x29.jpg 150w\" sizes=\"auto, (max-width: 306px) 100vw, 306px\" \/>\t\t\t\t\t\t\t\t\t\t\t\t\t\t\t<\/div>\n\t\t\t\t<\/div>\n\t\t\t\t\t<\/div>\n\t\t<\/div>\n\t\t\t\t\t\t\t<\/div>\n\t\t<\/section>\n\t\t\t\t<section class=\"elementor-section elementor-top-section elementor-element elementor-element-f6e0de4 elementor-section-boxed elementor-section-height-default elementor-section-height-default\" data-id=\"f6e0de4\" data-element_type=\"section\">\n\t\t\t\t\t\t<div class=\"elementor-container elementor-column-gap-default\">\n\t\t\t\t\t<div class=\"elementor-column elementor-col-100 elementor-top-column elementor-element elementor-element-3c925af\" data-id=\"3c925af\" data-element_type=\"column\">\n\t\t\t<div class=\"elementor-widget-wrap elementor-element-populated\">\n\t\t\t\t\t\t\t\t<div class=\"elementor-element elementor-element-49e88bb elementor-widget elementor-widget-html\" data-id=\"49e88bb\" data-element_type=\"widget\" data-widget_type=\"html.default\">\n\t\t\t\t<div class=\"elementor-widget-container\">\n\t\t\t<iframe src=\"https:\/\/www.google.com\/maps\/embed?pb=!1m18!1m12!1m3!1d3007.75892263432!2d28.641018315610538!3d41.074262023310254!2m3!1f0!2f0!3f0!3m2!1i1024!2i768!4f13.1!3m3!1m2!1s0x14b558ee633083a9%3A0xbbed5a586d6da398!2zSEFOQSBFTEVLVFJPTsSwSyBUQVJUSSBTQU5BWcSwIFZFIFTEsEMuIEEuxZ4u!5e0!3m2!1str!2str!4v1634686980583!5m2!1str!2str\" width=\"100%\" height=\"450\" style=\"border:0;\" allowfullscreen=\"\" loading=\"lazy\"><\/iframe>\t\t<\/div>\n\t\t\t\t<\/div>\n\t\t\t\t\t<\/div>\n\t\t<\/div>\n\t\t\t\t\t\t\t<\/div>\n\t\t<\/section>\n\t\t\t\t<section class=\"elementor-section elementor-top-section elementor-element elementor-element-2eb6306 elementor-section-boxed elementor-section-height-default elementor-section-height-default\" data-id=\"2eb6306\" data-element_type=\"section\" data-settings=\"{&quot;background_background&quot;:&quot;classic&quot;}\">\n\t\t\t\t\t\t<div class=\"elementor-container elementor-column-gap-default\">\n\t\t\t\t\t<div class=\"elementor-column elementor-col-100 elementor-top-column elementor-element elementor-element-f5eedf9\" data-id=\"f5eedf9\" data-element_type=\"column\" data-settings=\"{&quot;background_background&quot;:&quot;classic&quot;}\">\n\t\t\t<div class=\"elementor-widget-wrap elementor-element-populated\">\n\t\t\t\t\t\t\t\t<div class=\"elementor-element elementor-element-4473563 elementor-widget elementor-widget-heading\" data-id=\"4473563\" data-element_type=\"widget\" data-widget_type=\"heading.default\">\n\t\t\t\t<div class=\"elementor-widget-container\">\n\t\t\t<h2 class=\"elementor-heading-title elementor-size-default\">HANA ELEKTRON\u0130K TARTI SANAY\u0130 VE T\u0130CARET A.\u015e.\n<\/h2>\t\t<\/div>\n\t\t\t\t<\/div>\n\t\t\t\t<div class=\"elementor-element elementor-element-c40d4d9 elementor-icon-list--layout-traditional elementor-list-item-link-full_width elementor-widget elementor-widget-icon-list\" data-id=\"c40d4d9\" data-element_type=\"widget\" data-widget_type=\"icon-list.default\">\n\t\t\t\t<div class=\"elementor-widget-container\">\n\t\t\t\t\t<ul class=\"elementor-icon-list-items\">\n\t\t\t\t\t\t\t<li class=\"elementor-icon-list-item\">\n\t\t\t\t\t\t\t\t\t\t\t<span class=\"elementor-icon-list-icon\">\n\t\t\t\t\t\t\t<i aria-hidden=\"true\" class=\"fas fa-building\"><\/i>\t\t\t\t\t\t<\/span>\n\t\t\t\t\t\t\t\t\t\t<span class=\"elementor-icon-list-text\"><strong>Address : <\/strong> Ak\u00e7aburgaz Mahallesi, Alkop Sanayi Sitesi, B-4 Blok, No: 14, Esenyurt, \u0130stanbul, Turkey<\/span>\n\t\t\t\t\t\t\t\t\t<\/li>\n\t\t\t\t\t\t\t\t<li class=\"elementor-icon-list-item\">\n\t\t\t\t\t\t\t\t\t\t\t<span class=\"elementor-icon-list-icon\">\n\t\t\t\t\t\t\t<i aria-hidden=\"true\" class=\"fas fa-phone-square-alt\"><\/i>\t\t\t\t\t\t<\/span>\n\t\t\t\t\t\t\t\t\t\t<span class=\"elementor-icon-list-text\"><strong>Phone: <\/strong> +90 212 858 19 41<\/span>\n\t\t\t\t\t\t\t\t\t<\/li>\n\t\t\t\t\t\t\t\t<li class=\"elementor-icon-list-item\">\n\t\t\t\t\t\t\t\t\t\t\t<span class=\"elementor-icon-list-icon\">\n\t\t\t\t\t\t\t<i aria-hidden=\"true\" class=\"fas fa-fax\"><\/i>\t\t\t\t\t\t<\/span>\n\t\t\t\t\t\t\t\t\t\t<span class=\"elementor-icon-list-text\"><strong>Fax : <\/strong> +90 212 858 19 45<\/span>\n\t\t\t\t\t\t\t\t\t<\/li>\n\t\t\t\t\t\t\t\t<li class=\"elementor-icon-list-item\">\n\t\t\t\t\t\t\t\t\t\t\t<span class=\"elementor-icon-list-icon\">\n\t\t\t\t\t\t\t<i aria-hidden=\"true\" class=\"fas fa-mail-bulk\"><\/i>\t\t\t\t\t\t<\/span>\n\t\t\t\t\t\t\t\t\t\t<span class=\"elementor-icon-list-text\"><strong>E-mail : <\/strong> hana@hana.com.tr<\/span>\n\t\t\t\t\t\t\t\t\t<\/li>\n\t\t\t\t\t\t<\/ul>\n\t\t\t\t<\/div>\n\t\t\t\t<\/div>\n\t\t\t\t\t<\/div>\n\t\t<\/div>\n\t\t\t\t\t\t\t<\/div>\n\t\t<\/section>\n\t\t\t\t<section class=\"elementor-section elementor-top-section elementor-element elementor-element-5aa3dd9 elementor-section-boxed elementor-section-height-default elementor-section-height-default\" data-id=\"5aa3dd9\" data-element_type=\"section\">\n\t\t\t\t\t\t<div class=\"elementor-container elementor-column-gap-default\">\n\t\t\t\t\t<div class=\"elementor-column elementor-col-100 elementor-top-column elementor-element elementor-element-98e3dba\" data-id=\"98e3dba\" data-element_type=\"column\">\n\t\t\t<div class=\"elementor-widget-wrap elementor-element-populated\">\n\t\t\t\t\t\t\t\t<div class=\"elementor-element elementor-element-da000bb premium-contact-form-anim-yes elementor-widget elementor-widget-premium-contact-form\" data-id=\"da000bb\" data-element_type=\"widget\" data-widget_type=\"premium-contact-form.default\">\n\t\t\t\t<div class=\"elementor-widget-container\">\n\t\t\t\r\n\t\t\t<div class=\"premium-cf7-container\">\r\n\t\t\t\t<div role=\"form\" class=\"wpcf7\" id=\"wpcf7-f5111-o1\" lang=\"tr-TR\" dir=\"ltr\">\n<div class=\"screen-reader-response\"><p role=\"status\" aria-live=\"polite\" aria-atomic=\"true\"><\/p> <ul><\/ul><\/div>\n<form action=\"\/en\/wp-json\/wp\/v2\/pages\/4504#wpcf7-f5111-o1\" method=\"post\" class=\"wpcf7-form init\" novalidate=\"novalidate\" data-status=\"init\">\n<div style=\"display: none;\">\n<input type=\"hidden\" name=\"_wpcf7\" value=\"5111\" \/>\n<input type=\"hidden\" name=\"_wpcf7_version\" value=\"5.4.2\" \/>\n<input type=\"hidden\" name=\"_wpcf7_locale\" value=\"tr_TR\" \/>\n<input type=\"hidden\" name=\"_wpcf7_unit_tag\" value=\"wpcf7-f5111-o1\" \/>\n<input type=\"hidden\" name=\"_wpcf7_container_post\" value=\"0\" \/>\n<input type=\"hidden\" name=\"_wpcf7_posted_data_hash\" value=\"\" \/>\n<input type=\"hidden\" name=\"_wpcf7_recaptcha_response\" value=\"\" \/>\n<\/div>\n<div class=\"iletisimbaslikform\">\n<h3 class=\"iletisimbaslik\"><i aria-hidden=\"true\" class=\"fas fa-comments\"><\/i> Contact Form<\/h3>\n<\/div>\n<div class=\"labelbg solaal\"><label>\n<p class=\"formisim\">Name Surname*<\/p>\n<p> <span class=\"wpcf7-form-control-wrap adinizsoyadiniz\"><input type=\"text\" name=\"adinizsoyadiniz\" value=\"\" size=\"40\" class=\"wpcf7-form-control wpcf7-text wpcf7-validates-as-required\" aria-required=\"true\" aria-invalid=\"false\" \/><\/span> <\/label><\/div>\n<div class=\"labelbg solaal\"><label>\n<p class=\"formisim\">Company*<\/p>\n<p> <span class=\"wpcf7-form-control-wrap firma\"><input type=\"text\" name=\"firma\" value=\"\" size=\"40\" class=\"wpcf7-form-control wpcf7-text wpcf7-validates-as-required\" aria-required=\"true\" aria-invalid=\"false\" \/><\/span> <\/label><\/div>\n<div class=\"labelbg solaal\"><label>\n<p class=\"formisim\">Mission<\/p>\n<p> <span class=\"wpcf7-form-control-wrap gorev\"><input type=\"text\" name=\"gorev\" value=\"\" size=\"40\" class=\"wpcf7-form-control wpcf7-text\" aria-invalid=\"false\" \/><\/span> <\/label><\/div>\n<div class=\"labelbg solaal\"><label>\n<p class=\"formisim\">E-Mail*<\/p>\n<p> <span class=\"wpcf7-form-control-wrap eposta\"><input type=\"email\" name=\"eposta\" value=\"\" size=\"40\" class=\"wpcf7-form-control wpcf7-text wpcf7-email wpcf7-validates-as-required wpcf7-validates-as-email\" aria-required=\"true\" aria-invalid=\"false\" \/><\/span> <\/label><\/div>\n<div class=\"labelbg solaal\"><label>\n<p class=\"formisim\">Phone*<\/p>\n<p> <span class=\"wpcf7-form-control-wrap telefon\"><input type=\"tel\" name=\"telefon\" value=\"\" size=\"40\" class=\"wpcf7-form-control wpcf7-text wpcf7-tel wpcf7-validates-as-required wpcf7-validates-as-tel\" aria-required=\"true\" aria-invalid=\"false\" \/><\/span> <\/label><\/div>\n<div class=\"labelbg solaal\"><label>\n<p class=\"formisim\">Fax<\/p>\n<p> <span class=\"wpcf7-form-control-wrap fax\"><input type=\"tel\" name=\"fax\" value=\"\" size=\"40\" class=\"wpcf7-form-control wpcf7-text wpcf7-tel wpcf7-validates-as-tel\" aria-invalid=\"false\" \/><\/span> <\/label><\/div>\n<div class=\"labelbg solaal\"><label>\n<p class=\"formisim\">Subject<\/p>\n<p> <span class=\"wpcf7-form-control-wrap konu\"><input type=\"text\" name=\"konu\" value=\"\" size=\"40\" class=\"wpcf7-form-control wpcf7-text\" aria-invalid=\"false\" \/><\/span> <\/label><\/div>\n<div class=\"labelbg solaal\"><label>\n<p class=\"formisim\">Message<\/p>\n<p><span class=\"wpcf7-form-control-wrap mesaj\"><textarea name=\"mesaj\" cols=\"40\" rows=\"10\" class=\"wpcf7-form-control wpcf7-textarea\" aria-invalid=\"false\"><\/textarea><\/span> <\/label><\/div>\n<p><span class=\"wpcf7-form-control-wrap acceptance-232\"><span class=\"wpcf7-form-control wpcf7-acceptance\"><span class=\"wpcf7-list-item\"><label><input type=\"checkbox\" name=\"acceptance-232\" value=\"1\" aria-invalid=\"false\" \/><span class=\"wpcf7-list-item-label\">I have read and accept the personal data protection policy.<\/span><\/label><\/span><\/span><\/span><\/p>\n<span class=\"wpcf7-form-control-wrap recaptcha\"><span data-sitekey=\"6LcvtGceAAAAAHuA-_Gjhd4xBgbeV5xvvHLes5yc\" class=\"wpcf7-form-control g-recaptcha wpcf7-recaptcha\"><\/span>\r\n<noscript>\r\n\t<div class=\"grecaptcha-noscript\">\r\n\t\t<iframe loading=\"lazy\" src=\"https:\/\/www.google.com\/recaptcha\/api\/fallback?k=6LcvtGceAAAAAHuA-_Gjhd4xBgbeV5xvvHLes5yc\" frameborder=\"0\" scrolling=\"no\" width=\"310\" height=\"430\">\r\n\t\t<\/iframe>\r\n\t\t<textarea name=\"g-recaptcha-response\" rows=\"3\" cols=\"40\" placeholder=\"reCaptcha Response Here\">\r\n\t\t<\/textarea>\r\n\t<\/div>\r\n<\/noscript>\r\n<\/span>\n<p><input type=\"submit\" value=\"Send\" class=\"wpcf7-form-control wpcf7-submit\" \/><\/p>\n<div class=\"wpcf7-response-output\" aria-hidden=\"true\"><\/div><\/form><\/div>\t\t\t<\/div>\r\n\r\n\t\t\t\t\t<\/div>\n\t\t\t\t<\/div>\n\t\t\t\t\t<\/div>\n\t\t<\/div>\n\t\t\t\t\t\t\t<\/div>\n\t\t<\/section>\n\t\t\t\t\t\t<\/div>\n\t\t\t\t\t<\/div>\n\t\t","protected":false},"excerpt":{"rendered":"<p>Contact information HANA ELEKTRON\u0130K TARTI SANAY\u0130 VE T\u0130CARET A.\u015e. Address : Ak\u00e7aburgaz Mahallesi, Alkop Sanayi Sitesi, B-4 Blok, No: 14, Esenyurt, \u0130stanbul, Turkey Phone: +90 212<span class=\"excerpt-hellip\"> [\u2026]<\/span><\/p>\n","protected":false},"author":4,"featured_media":0,"parent":4502,"menu_order":0,"comment_status":"closed","ping_status":"closed","template":"","meta":{"footnotes":""},"class_list":["post-4504","page","type-page","status-publish","hentry"],"_links":{"self":[{"href":"https:\/\/hana.com.tr\/en\/wp-json\/wp\/v2\/pages\/4504","targetHints":{"allow":["GET"]}}],"collection":[{"href":"https:\/\/hana.com.tr\/en\/wp-json\/wp\/v2\/pages"}],"about":[{"href":"https:\/\/hana.com.tr\/en\/wp-json\/wp\/v2\/types\/page"}],"author":[{"embeddable":true,"href":"https:\/\/hana.com.tr\/en\/wp-json\/wp\/v2\/users\/4"}],"replies":[{"embeddable":true,"href":"https:\/\/hana.com.tr\/en\/wp-json\/wp\/v2\/comments?post=4504"}],"version-history":[{"count":7,"href":"https:\/\/hana.com.tr\/en\/wp-json\/wp\/v2\/pages\/4504\/revisions"}],"predecessor-version":[{"id":5114,"href":"https:\/\/hana.com.tr\/en\/wp-json\/wp\/v2\/pages\/4504\/revisions\/5114"}],"up":[{"embeddable":true,"href":"https:\/\/hana.com.tr\/en\/wp-json\/wp\/v2\/pages\/4502"}],"wp:attachment":[{"href":"https:\/\/hana.com.tr\/en\/wp-json\/wp\/v2\/media?parent=4504"}],"curies":[{"name":"wp","href":"https:\/\/api.w.org\/{rel}","templated":true}]}}