{"id":4563,"date":"2021-11-18T01:50:03","date_gmt":"2022-01-10T09:38:26","guid":{"rendered":"https:\/\/hana.com.tr\/urun\/hs-007\/"},"modified":"2022-02-09T00:50:31","modified_gmt":"2022-02-08T21:50:31","slug":"hs-007-weighing-scale","status":"publish","type":"product","link":"https:\/\/hana.com.tr\/en\/urun\/hs-007-weighing-scale\/","title":{"rendered":"HS-007"},"content":{"rendered":"<h2>General features<\/h2>\n<ul>\n<li>304 quality full stainless body<\/li>\n<li>304 paslanmaz d\u00fcz yuvarlak kefe, ve derin kase kefe kullan\u0131m\u0131 the use of 304 stainless flat round kefe, and deep bowl kefe<\/li>\n<li>Gr, lb, oz unit selection function<\/li>\n<li>Battery status indicator<\/li>\n<li>Automatic shutdown<\/li>\n<li>Working with only 2 AA batteries<\/li>\n<li>High resolution accurate and precise weighing<\/li>\n<li>High bright backlight<\/li>\n<\/ul>\n","protected":false},"excerpt":{"rendered":"<p>Weighing Scales<\/p>\n","protected":false},"featured_media":3825,"template":"","meta":[],"product_cat":[118],"product_tag":[],"class_list":["post-4563","product","type-product","status-publish","has-post-thumbnail","hentry","product_cat-weighing-scales"],"_links":{"self":[{"href":"https:\/\/hana.com.tr\/en\/wp-json\/wp\/v2\/product\/4563","targetHints":{"allow":["GET"]}}],"collection":[{"href":"https:\/\/hana.com.tr\/en\/wp-json\/wp\/v2\/product"}],"about":[{"href":"https:\/\/hana.com.tr\/en\/wp-json\/wp\/v2\/types\/product"}],"wp:featuredmedia":[{"embeddable":true,"href":"https:\/\/hana.com.tr\/en\/wp-json\/wp\/v2\/media\/3825"}],"wp:attachment":[{"href":"https:\/\/hana.com.tr\/en\/wp-json\/wp\/v2\/media?parent=4563"}],"wp:term":[{"taxonomy":"product_cat","embeddable":true,"href":"https:\/\/hana.com.tr\/en\/wp-json\/wp\/v2\/product_cat?post=4563"},{"taxonomy":"product_tag","embeddable":true,"href":"https:\/\/hana.com.tr\/en\/wp-json\/wp\/v2\/product_tag?post=4563"}],"curies":[{"name":"wp","href":"https:\/\/api.w.org\/{rel}","templated":true}]}}