{"id":4578,"date":"2021-11-18T01:50:00","date_gmt":"2022-01-10T13:59:51","guid":{"rendered":"https:\/\/hana.com.tr\/urun\/hs-351b-barrel-weighing-scale\/"},"modified":"2022-02-09T00:51:19","modified_gmt":"2022-02-08T21:51:19","slug":"hs-351b-barrel-weighing-scale","status":"publish","type":"product","link":"https:\/\/hana.com.tr\/en\/urun\/hs-351b-barrel-weighing-scale\/","title":{"rendered":"HS-351B Barrel Weighing Scale"},"content":{"rendered":"<h2>General features<\/h2>\n<ul>\n<li>Smoke, water, humidity,proof indicator and junction box<\/li>\n<li>26 mm large LCD Display + Back-Light (Rear-Light)<\/li>\n<li>The function of superimposing the weight<\/li>\n<li>Indicator sleep mode function<\/li>\n<li>Battery warning signal<\/li>\n<li>Load Center(mm) : 570<\/li>\n<li>Wheelbase(mm) : 1115<\/li>\n<li>S\u00fcr\u00fc\u015f Tekeri ( \u00f6n) (mm) &lt; &gt;<\/li>\n<li>Load Wheel (rear) (mm)&lt;I&gt; : 147&#215;40<\/li>\n<li>Closed Height (mm): 1270<\/li>\n<li>Lift Height (mm): 1945<\/li>\n<li>Open Height (mm): 2100<\/li>\n<li>Fork Closed Height (mm): 385<\/li>\n<li>Full Length (mm): 1520<\/li>\n<li>Full Width (mm): 1050<\/li>\n<li>Outer Width of Forks (mm): 840<\/li>\n<li>Distance between the ground and the bottom of the mast: (mm)22<\/li>\n<li>Rotation Radio (mm): 1200<\/li>\n<li>Lowering Speed, laden\/unladen mm\/s : Manual control<\/li>\n<\/ul>\n","protected":false},"excerpt":{"rendered":"<p>Weighing Transport and Stacking Machine<\/p>\n","protected":false},"featured_media":3901,"template":"","meta":[],"product_cat":[106],"product_tag":[],"class_list":["post-4578","product","type-product","status-publish","has-post-thumbnail","hentry","product_cat-weighing-transport-and-stacking-machines"],"_links":{"self":[{"href":"https:\/\/hana.com.tr\/en\/wp-json\/wp\/v2\/product\/4578","targetHints":{"allow":["GET"]}}],"collection":[{"href":"https:\/\/hana.com.tr\/en\/wp-json\/wp\/v2\/product"}],"about":[{"href":"https:\/\/hana.com.tr\/en\/wp-json\/wp\/v2\/types\/product"}],"wp:featuredmedia":[{"embeddable":true,"href":"https:\/\/hana.com.tr\/en\/wp-json\/wp\/v2\/media\/3901"}],"wp:attachment":[{"href":"https:\/\/hana.com.tr\/en\/wp-json\/wp\/v2\/media?parent=4578"}],"wp:term":[{"taxonomy":"product_cat","embeddable":true,"href":"https:\/\/hana.com.tr\/en\/wp-json\/wp\/v2\/product_cat?post=4578"},{"taxonomy":"product_tag","embeddable":true,"href":"https:\/\/hana.com.tr\/en\/wp-json\/wp\/v2\/product_tag?post=4578"}],"curies":[{"name":"wp","href":"https:\/\/api.w.org\/{rel}","templated":true}]}}